{"id":48,"date":"2026-01-16T15:24:49","date_gmt":"2026-01-16T14:24:49","guid":{"rendered":"https:\/\/secure-pipelines.com\/?page_id=48"},"modified":"2026-03-25T09:03:19","modified_gmt":"2026-03-25T08:03:19","slug":"about","status":"publish","type":"page","link":"https:\/\/secure-pipelines.com\/fr\/about\/","title":{"rendered":"\u00c0 propos de Secure Pipelines"},"content":{"rendered":"<p>Secure Pipelines est une initiative technique ax\u00e9e sur la s\u00e9curisation des pipelines CI\/CD, GitOps et de livraison logicielle. Elle a \u00e9t\u00e9 cr\u00e9\u00e9e pour combler un \u00e9cart croissant entre la th\u00e9orie de la s\u00e9curit\u00e9 et les r\u00e9alit\u00e9s de la livraison logicielle moderne.<\/p>\n<p>Alors que les attaques ciblent de plus en plus les syst\u00e8mes de build, les d\u00e9pendances et les workflows CI\/CD, la s\u00e9curit\u00e9 des pipelines est devenue un \u00e9l\u00e9ment essentiel de la s\u00e9curit\u00e9 et de la r\u00e9silience logicielle.<\/p>\n<p>Secure Pipelines existe pour explorer cet espace d&rsquo;un point de vue d&rsquo;ing\u00e9nierie.<\/p>\n<hr class=\"wp-block-separator has-alpha-channel-opacity\"\/>\n<h2 class=\"wp-block-heading\">Objectif et p\u00e9rim\u00e8tre<\/h2>\n<p>L&rsquo;objectif de Secure Pipelines est de fournir un contenu clair, pratique et techniquement pr\u00e9cis sur la s\u00e9curit\u00e9 des pipelines CI\/CD et de la cha\u00eene d&rsquo;approvisionnement logicielle.<\/p>\n<p>Le site se concentre sur :<\/p>\n<ul class=\"wp-block-list\">\n<li>Le fonctionnement r\u00e9el des pipelines CI\/CD<\/li>\n<li>Les fronti\u00e8res de confiance dans les workflows de livraison<\/li>\n<li>La mani\u00e8re dont les attaquants ciblent les syst\u00e8mes de build et de d\u00e9ploiement<\/li>\n<li>La conception et la mise en \u0153uvre de contr\u00f4les de s\u00e9curit\u00e9 efficaces<\/li>\n<\/ul>\n<p>Le contenu est volontairement orient\u00e9 vers la pratique et l&rsquo;impl\u00e9mentation, avec de vraies configurations, des exemples et des compromis techniques.<\/p>\n<hr class=\"wp-block-separator has-alpha-channel-opacity\"\/>\n<h2 class=\"wp-block-heading\">Ce que vous trouverez ici<\/h2>\n<p>Secure Pipelines est organis\u00e9 autour de diff\u00e9rents types de contenu, chacun ayant un objectif sp\u00e9cifique :<\/p>\n<ul class=\"wp-block-list\">\n<li><strong>Articles<\/strong><br \/>Analyses approfondies de sujets sp\u00e9cifiques li\u00e9s \u00e0 la s\u00e9curit\u00e9 CI\/CD, aux menaces et aux choix de conception.<\/li>\n<li><strong>Guides<\/strong><br \/>Ressources structur\u00e9es et d\u00e9taill\u00e9es couvrant les concepts fondamentaux et les architectures de s\u00e9curit\u00e9 des pipelines.<\/li>\n<li><strong>Labs<\/strong><br \/>Exercices pratiques con\u00e7us pour d\u00e9montrer des chemins d&rsquo;attaque r\u00e9els et des techniques d\u00e9fensives.<\/li>\n<li><strong>Ressources<\/strong><br \/>R\u00e9f\u00e9rences, outils et mat\u00e9riaux externes s\u00e9lectionn\u00e9s et pertinents pour la s\u00e9curit\u00e9 des pipelines.<\/li>\n<\/ul>\n<p>L&rsquo;accent est toujours mis sur la compr\u00e9hension du fonctionnement r\u00e9el des choses, et pas seulement au niveau conceptuel.<\/p>\n<hr class=\"wp-block-separator has-alpha-channel-opacity\"\/>\n<h2 class=\"wp-block-heading\">Ce que ce site n&rsquo;est pas<\/h2>\n<p>Pour d\u00e9finir des attentes claires, Secure Pipelines n&rsquo;est volontairement pas :<\/p>\n<ul class=\"wp-block-list\">\n<li>Une plateforme de marketing fournisseur<\/li>\n<li>Une collection de checklists superficielles<\/li>\n<li>Un blog DevSecOps g\u00e9n\u00e9rique<\/li>\n<li>Un guide de certification ou de conformit\u00e9<\/li>\n<\/ul>\n<p>Le contenu est r\u00e9dig\u00e9 pour les praticiens qui souhaitent comprendre les syst\u00e8mes en profondeur et prendre des d\u00e9cisions d&rsquo;ing\u00e9nierie \u00e9clair\u00e9es.<\/p>\n<hr class=\"wp-block-separator has-alpha-channel-opacity\"\/>\n<h2 class=\"wp-block-heading\">Relation avec la conformit\u00e9 et la gouvernance<\/h2>\n<p>Secure Pipelines se concentre sur l&rsquo;impl\u00e9mentation technique et les pratiques d&rsquo;ing\u00e9nierie.<\/p>\n<p>Pour les perspectives de conformit\u00e9, de gouvernance et de r\u00e9glementation (ISO 27001, NIS2, SOC 2, PCI DSS, etc.), ce site est intentionnellement compl\u00e9t\u00e9 par <strong><a href=\"https:\/\/regulated-devsecops.com\" target=\"_blank\" rel=\"noopener\">regulated-devsecops.com<\/a><\/strong>.<\/p>\n<p>Ensemble, les deux sites forment un \u00e9cosyst\u00e8me coh\u00e9rent :<\/p>\n<ul class=\"wp-block-list\">\n<li><a href=\"https:\/\/secure-pipelines.com\/fr\/\" data-type=\"page\" data-id=\"16\"><strong>Secure Pipelines<\/strong> :<\/a> comment concevoir et s\u00e9curiser les pipelines de livraison<\/li>\n<li><strong><a href=\"https:\/\/regulated-devsecops.com\" target=\"_blank\" rel=\"noopener\">Regulated DevSecOps<\/a><\/strong> : comment gouverner, auditer et d\u00e9montrer la conformit\u00e9<\/li>\n<\/ul>\n<hr class=\"wp-block-separator has-alpha-channel-opacity\"\/>\n<h2 class=\"wp-block-heading\">\u00c0 propos de l&rsquo;auteur<\/h2>\n<p>Le contenu publi\u00e9 sur Secure Pipelines est r\u00e9dig\u00e9 et maintenu par un architecte senior DevSecOps et s\u00e9curit\u00e9 avec plus de 16 ans d&rsquo;exp\u00e9rience en ing\u00e9nierie logicielle et s\u00e9curit\u00e9 applicative.<\/p>\n<p>L&rsquo;auteur a travaill\u00e9 dans un large \u00e9ventail d&rsquo;environnements techniques et organisationnels, des petites \u00e9quipes et startups aux grandes entreprises et institutions r\u00e9glement\u00e9es des secteurs financier et public.<\/p>\n<p>Cette exp\u00e9rience comprend la conception et la s\u00e9curisation de syst\u00e8mes backend, la construction et l&rsquo;exploitation de pipelines CI\/CD, et l&rsquo;int\u00e9gration de contr\u00f4les de s\u00e9curit\u00e9 tout au long du cycle de vie du d\u00e9veloppement logiciel.<\/p>\n<p>La perspective partag\u00e9e sur ce site est ancr\u00e9e dans les contraintes du monde r\u00e9el, les compromis pratiques et les consid\u00e9rations op\u00e9rationnelles \u00e0 long terme.<\/p>\n<p>De courts r\u00e9sum\u00e9s sur l&rsquo;auteur sont inclus \u00e0 la fin de certains articles pour fournir un contexte suppl\u00e9mentaire sur le parcours professionnel derri\u00e8re le contenu.<\/p>\n<hr class=\"wp-block-separator has-alpha-channel-opacity\"\/>\n<h2 class=\"wp-block-heading\">Certifications et qualifications professionnelles<\/h2>\n<p>L&rsquo;auteur d\u00e9tient des certifications reconnues par l&rsquo;industrie en mati\u00e8re de d\u00e9veloppement logiciel s\u00e9curis\u00e9 et de DevSecOps, notamment :<\/p>\n<ul class=\"wp-block-list\">\n<li>Certified Secure Software Lifecycle Professional (CSSLP)<\/li>\n<li>EC-Council Certified DevSecOps Engineer<\/li>\n<\/ul>\n<p>Ces certifications refl\u00e8tent un accent fort sur l&rsquo;int\u00e9gration de la s\u00e9curit\u00e9 tout au long du cycle de vie du d\u00e9veloppement logiciel et l&rsquo;int\u00e9gration de contr\u00f4les de s\u00e9curit\u00e9 directement dans les pipelines CI\/CD et les processus DevOps.<\/p>\n<p>Elles compl\u00e8tent l&rsquo;exp\u00e9rience pratique acquise au fil des ann\u00e9es de conception, d&rsquo;impl\u00e9mentation et de s\u00e9curisation de plateformes modernes de livraison logicielle.<\/p>\n<hr class=\"wp-block-separator has-alpha-channel-opacity\"\/>\n<h2 class=\"wp-block-heading\">Philosophie<\/h2>\n<blockquote class=\"wp-block-quote is-layout-flow wp-block-quote-is-layout-flow\">\n<p>La s\u00e9curit\u00e9 CI\/CD n&rsquo;est pas une fonctionnalit\u00e9.<br \/>C&rsquo;est une discipline d&rsquo;ing\u00e9nierie.<\/p>\n<\/blockquote>\n<p>Secure Pipelines repose sur la conviction que la s\u00e9curit\u00e9 des pipelines doit \u00eatre :<\/p>\n<ul class=\"wp-block-list\">\n<li>Con\u00e7ue, pas ajout\u00e9e apr\u00e8s coup<\/li>\n<li>Comprise, pas appliqu\u00e9e aveugl\u00e9ment<\/li>\n<li>Am\u00e9lior\u00e9e en continu, pas trait\u00e9e comme une t\u00e2che ponctuelle<\/li>\n<\/ul>\n<p>Cette philosophie guide chaque article, guide et lab publi\u00e9 sur le site.<\/p>\n","protected":false},"excerpt":{"rendered":"<p>Secure Pipelines est une initiative technique ax\u00e9e sur la s\u00e9curisation des pipelines CI\/CD, GitOps et de livraison logicielle. Elle a \u00e9t\u00e9 cr\u00e9\u00e9e pour combler un \u00e9cart croissant entre la th\u00e9orie de la s\u00e9curit\u00e9 et les r\u00e9alit\u00e9s de la livraison logicielle moderne. Alors que les attaques ciblent de plus en plus les syst\u00e8mes de build, les &#8230; <a title=\"\u00c0 propos de Secure Pipelines\" class=\"read-more\" href=\"https:\/\/secure-pipelines.com\/fr\/about\/\" aria-label=\"En savoir plus sur \u00c0 propos de Secure Pipelines\">Lire la suite<\/a><\/p>\n","protected":false},"author":1,"featured_media":0,"parent":0,"menu_order":32,"comment_status":"closed","ping_status":"closed","template":"","meta":{"footnotes":""},"class_list":["post-48","page","type-page","status-publish"],"_links":{"self":[{"href":"https:\/\/secure-pipelines.com\/fr\/wp-json\/wp\/v2\/pages\/48","targetHints":{"allow":["GET"]}}],"collection":[{"href":"https:\/\/secure-pipelines.com\/fr\/wp-json\/wp\/v2\/pages"}],"about":[{"href":"https:\/\/secure-pipelines.com\/fr\/wp-json\/wp\/v2\/types\/page"}],"author":[{"embeddable":true,"href":"https:\/\/secure-pipelines.com\/fr\/wp-json\/wp\/v2\/users\/1"}],"replies":[{"embeddable":true,"href":"https:\/\/secure-pipelines.com\/fr\/wp-json\/wp\/v2\/comments?post=48"}],"version-history":[{"count":1,"href":"https:\/\/secure-pipelines.com\/fr\/wp-json\/wp\/v2\/pages\/48\/revisions"}],"predecessor-version":[{"id":742,"href":"https:\/\/secure-pipelines.com\/fr\/wp-json\/wp\/v2\/pages\/48\/revisions\/742"}],"wp:attachment":[{"href":"https:\/\/secure-pipelines.com\/fr\/wp-json\/wp\/v2\/media?parent=48"}],"curies":[{"name":"wp","href":"https:\/\/api.w.org\/{rel}","templated":true}]}}