{"id":134,"date":"2026-01-16T18:11:24","date_gmt":"2026-01-16T17:11:24","guid":{"rendered":"https:\/\/secure-pipelines.com\/?page_id=134"},"modified":"2026-03-25T09:03:39","modified_gmt":"2026-03-25T08:03:39","slug":"cookie-policy","status":"publish","type":"page","link":"https:\/\/secure-pipelines.com\/fr\/cookie-policy\/","title":{"rendered":"Politique de cookies"},"content":{"rendered":"<p>Cette politique de cookies explique comment les cookies sont utilis\u00e9s sur <a href=\"https:\/\/secure-pipelines.com\/fr\/\" data-type=\"page\" data-id=\"16\"><em>ce site web<\/em><\/a>.<\/p>\n<h3 class=\"wp-block-heading\"><strong>1. Qu&rsquo;est-ce qu&rsquo;un cookie ?<\/strong><\/h3>\n<p>Les cookies sont de petits fichiers texte stock\u00e9s sur votre appareil lorsque vous visitez un site web. Ils sont largement utilis\u00e9s pour assurer le bon fonctionnement des sites web et am\u00e9liorer l&rsquo;exp\u00e9rience utilisateur.<\/p>\n<hr class=\"wp-block-separator has-alpha-channel-opacity\"\/>\n<h3 class=\"wp-block-heading\"><strong>2. Comment les cookies sont utilis\u00e9s sur ce site<\/strong><\/h3>\n<p>Ce site web peut utiliser des cookies aux fins suivantes :<\/p>\n<ul class=\"wp-block-list\">\n<li>Assurer le fonctionnement de base du site web<\/li>\n<li>Renforcer la s\u00e9curit\u00e9<\/li>\n<li>Mesurer les performances et l&rsquo;utilisation du site web<\/li>\n<\/ul>\n<p>Les cookies utilis\u00e9s sur ce site web ne collectent pas d&rsquo;informations personnellement identifiables.<\/p>\n<hr class=\"wp-block-separator has-alpha-channel-opacity\"\/>\n<h3 class=\"wp-block-heading\"><strong>3. Types de cookies<\/strong><\/h3>\n<p>Les types de cookies suivants peuvent \u00eatre utilis\u00e9s :<\/p>\n<ul class=\"wp-block-list\">\n<li><strong>Cookies essentiels<\/strong> : n\u00e9cessaires au fonctionnement de base du site web<\/li>\n<li><strong>Cookies analytiques<\/strong> : utilis\u00e9s pour comprendre comment les visiteurs interagissent avec le site web<\/li>\n<li><strong>Cookies de s\u00e9curit\u00e9<\/strong> : utilis\u00e9s pour prot\u00e9ger le site web contre les abus ou les activit\u00e9s malveillantes<\/li>\n<\/ul>\n<hr class=\"wp-block-separator has-alpha-channel-opacity\"\/>\n<h3 class=\"wp-block-heading\"><strong>4. Gestion des cookies<\/strong><\/h3>\n<p>Vous pouvez contr\u00f4ler ou d\u00e9sactiver les cookies via les param\u00e8tres de votre navigateur. Veuillez noter que la d\u00e9sactivation de certains cookies peut affecter le fonctionnement du site web.<\/p>\n<hr class=\"wp-block-separator has-alpha-channel-opacity\"\/>\n<h3 class=\"wp-block-heading\"><strong>5. Cookies tiers<\/strong><\/h3>\n<p>Certains services tiers int\u00e9gr\u00e9s \u00e0 ce site web peuvent placer des cookies sur votre appareil. Ces cookies sont soumis aux politiques de confidentialit\u00e9 respectives de ces tiers.<\/p>\n<hr class=\"wp-block-separator has-alpha-channel-opacity\"\/>\n<h3 class=\"wp-block-heading\"><strong>6. Modifications de cette politique de cookies<\/strong><\/h3>\n<p>Cette politique de cookies peut \u00eatre mise \u00e0 jour de temps \u00e0 autre. Toute modification sera refl\u00e9t\u00e9e sur cette page.<\/p>\n","protected":false},"excerpt":{"rendered":"<p>Cette politique de cookies explique comment les cookies sont utilis\u00e9s sur ce site web. 1. Qu&rsquo;est-ce qu&rsquo;un cookie ? Les cookies sont de petits fichiers texte stock\u00e9s sur votre appareil lorsque vous visitez un site web. Ils sont largement utilis\u00e9s pour assurer le bon fonctionnement des sites web et am\u00e9liorer l&rsquo;exp\u00e9rience utilisateur. 2. Comment les &#8230; <a title=\"Politique de cookies\" class=\"read-more\" href=\"https:\/\/secure-pipelines.com\/fr\/cookie-policy\/\" aria-label=\"En savoir plus sur Politique de cookies\">Lire la suite<\/a><\/p>\n","protected":false},"author":1,"featured_media":0,"parent":0,"menu_order":23,"comment_status":"closed","ping_status":"closed","template":"","meta":{"footnotes":""},"class_list":["post-134","page","type-page","status-publish"],"_links":{"self":[{"href":"https:\/\/secure-pipelines.com\/fr\/wp-json\/wp\/v2\/pages\/134","targetHints":{"allow":["GET"]}}],"collection":[{"href":"https:\/\/secure-pipelines.com\/fr\/wp-json\/wp\/v2\/pages"}],"about":[{"href":"https:\/\/secure-pipelines.com\/fr\/wp-json\/wp\/v2\/types\/page"}],"author":[{"embeddable":true,"href":"https:\/\/secure-pipelines.com\/fr\/wp-json\/wp\/v2\/users\/1"}],"replies":[{"embeddable":true,"href":"https:\/\/secure-pipelines.com\/fr\/wp-json\/wp\/v2\/comments?post=134"}],"version-history":[{"count":1,"href":"https:\/\/secure-pipelines.com\/fr\/wp-json\/wp\/v2\/pages\/134\/revisions"}],"predecessor-version":[{"id":745,"href":"https:\/\/secure-pipelines.com\/fr\/wp-json\/wp\/v2\/pages\/134\/revisions\/745"}],"wp:attachment":[{"href":"https:\/\/secure-pipelines.com\/fr\/wp-json\/wp\/v2\/media?parent=134"}],"curies":[{"name":"wp","href":"https:\/\/api.w.org\/{rel}","templated":true}]}}