{"id":129,"date":"2026-01-16T17:52:01","date_gmt":"2026-01-16T16:52:01","guid":{"rendered":"https:\/\/secure-pipelines.com\/contact\/"},"modified":"2026-03-25T09:03:28","modified_gmt":"2026-03-25T08:03:28","slug":"contact","status":"publish","type":"page","link":"https:\/\/secure-pipelines.com\/fr\/contact\/","title":{"rendered":"Contact"},"content":{"rendered":"<p>Secure Pipelines est une initiative de partage de connaissances techniques ax\u00e9e sur la s\u00e9curit\u00e9 des pipelines CI\/CD et de la cha\u00eene d&rsquo;approvisionnement logicielle.<\/p>\n<p>Si vous souhaitez nous contacter au sujet du contenu publi\u00e9 sur ce site, vous pouvez utiliser les coordonn\u00e9es ci-dessous.<\/p>\n<hr class=\"wp-block-separator has-alpha-channel-opacity\"\/>\n<h2 class=\"wp-block-heading\">Coordonn\u00e9es<\/h2>\n<p>Pour les demandes g\u00e9n\u00e9rales, les retours ou les discussions techniques, veuillez contacter :<\/p>\n<p><strong>Email :<\/strong><br \/><a href=\"mailto:contact@secure-pipelines.com\">contact@secure-pipelines.com<\/a><\/p>\n<hr class=\"wp-block-separator has-alpha-channel-opacity\"\/>\n<h2 class=\"wp-block-heading\">Utilisation appropri\u00e9e de ce contact<\/h2>\n<p>Ce canal de contact est destin\u00e9 \u00e0 :<\/p>\n<ul class=\"wp-block-list\">\n<li>Des questions ou retours concernant les articles, guides ou labs publi\u00e9s<\/li>\n<li>Des discussions techniques li\u00e9es \u00e0 la s\u00e9curit\u00e9 CI\/CD et des pipelines<\/li>\n<li>Des clarifications ou corrections concernant le contenu<\/li>\n<\/ul>\n<p>Veuillez noter que cette adresse n&rsquo;est pas destin\u00e9e \u00e0 :<\/p>\n<ul class=\"wp-block-list\">\n<li>La prospection commerciale ou marketing fournisseur<\/li>\n<li>Les demandes de support pour des outils tiers<\/li>\n<li>Les messages promotionnels non sollicit\u00e9s<\/li>\n<\/ul>\n<hr class=\"wp-block-separator has-alpha-channel-opacity\"\/>\n<h2 class=\"wp-block-heading\">D\u00e9lais de r\u00e9ponse<\/h2>\n<p>Bien que chaque message soit lu, les r\u00e9ponses ne sont pas toujours imm\u00e9diates.<\/p>\n<p>Secure Pipelines est maintenu en parall\u00e8le d&rsquo;autres activit\u00e9s professionnelles, et les d\u00e9lais de r\u00e9ponse peuvent varier.<\/p>\n<p>Merci de votre compr\u00e9hension.<\/p>\n<hr class=\"wp-block-separator has-alpha-channel-opacity\"\/>\n<h2 class=\"wp-block-heading\">\u00c9cosyst\u00e8me associ\u00e9<\/h2>\n<p>Pour les sujets li\u00e9s \u00e0 la conformit\u00e9, la gouvernance et la r\u00e9glementation relatifs au DevSecOps et au CI\/CD, veuillez consulter <strong><a href=\"https:\/\/regulated-devsecops.com\" target=\"_blank\" rel=\"noopener\">regulated-devsecops.com<\/a><\/strong>.<\/p>\n","protected":false},"excerpt":{"rendered":"<p>Secure Pipelines est une initiative de partage de connaissances techniques ax\u00e9e sur la s\u00e9curit\u00e9 des pipelines CI\/CD et de la cha\u00eene d&rsquo;approvisionnement logicielle. Si vous souhaitez nous contacter au sujet du contenu publi\u00e9 sur ce site, vous pouvez utiliser les coordonn\u00e9es ci-dessous. Coordonn\u00e9es Pour les demandes g\u00e9n\u00e9rales, les retours ou les discussions techniques, veuillez contacter &#8230; <a title=\"Contact\" class=\"read-more\" href=\"https:\/\/secure-pipelines.com\/fr\/contact\/\" aria-label=\"En savoir plus sur Contact\">Lire la suite<\/a><\/p>\n","protected":false},"author":1,"featured_media":0,"parent":0,"menu_order":6,"comment_status":"closed","ping_status":"closed","template":"","meta":{"footnotes":""},"class_list":["post-129","page","type-page","status-publish"],"_links":{"self":[{"href":"https:\/\/secure-pipelines.com\/fr\/wp-json\/wp\/v2\/pages\/129","targetHints":{"allow":["GET"]}}],"collection":[{"href":"https:\/\/secure-pipelines.com\/fr\/wp-json\/wp\/v2\/pages"}],"about":[{"href":"https:\/\/secure-pipelines.com\/fr\/wp-json\/wp\/v2\/types\/page"}],"author":[{"embeddable":true,"href":"https:\/\/secure-pipelines.com\/fr\/wp-json\/wp\/v2\/users\/1"}],"replies":[{"embeddable":true,"href":"https:\/\/secure-pipelines.com\/fr\/wp-json\/wp\/v2\/comments?post=129"}],"version-history":[{"count":1,"href":"https:\/\/secure-pipelines.com\/fr\/wp-json\/wp\/v2\/pages\/129\/revisions"}],"predecessor-version":[{"id":743,"href":"https:\/\/secure-pipelines.com\/fr\/wp-json\/wp\/v2\/pages\/129\/revisions\/743"}],"wp:attachment":[{"href":"https:\/\/secure-pipelines.com\/fr\/wp-json\/wp\/v2\/media?parent=129"}],"curies":[{"name":"wp","href":"https:\/\/api.w.org\/{rel}","templated":true}]}}