{"id":135,"date":"2026-01-16T18:11:24","date_gmt":"2026-01-16T17:11:24","guid":{"rendered":"https:\/\/secure-pipelines.com\/?page_id=135"},"modified":"2026-03-25T07:05:44","modified_gmt":"2026-03-25T06:05:44","slug":"cookie-policy","status":"publish","type":"page","link":"https:\/\/secure-pipelines.com\/es\/cookie-policy\/","title":{"rendered":"Pol\u00edtica de Cookies"},"content":{"rendered":"<p id=\"block-9b19d330-5083-4fe4-95f4-28e25d96b1ff\">Esta Pol\u00edtica de Cookies explica c\u00f3mo se utilizan las cookies en <a href=\"https:\/\/secure-pipelines.com\/es\/\" data-type=\"page\" data-id=\"16\"><em>este sitio web<\/em><\/a>.<\/p>\n<h3 class=\"wp-block-heading\" id=\"block-beb53152-2902-401e-b4a6-c89c9747e25c\"><strong>1. \u00bfQu\u00e9 son las cookies?<\/strong><\/h3>\n<p id=\"block-7fb97f01-8c79-47c4-baa8-9b1e66b94ac5\">Las cookies son peque\u00f1os archivos de texto que se almacenan en su dispositivo cuando visita un sitio web. Se utilizan ampliamente para garantizar que los sitios web funcionen correctamente y para mejorar la experiencia del usuario.<\/p>\n<hr class=\"wp-block-separator has-alpha-channel-opacity\" id=\"block-58a4f477-8e79-42b0-87bc-a6d62c132298\"\/>\n<h3 class=\"wp-block-heading\" id=\"block-94944f15-fe7a-4e33-bd79-c56fb24c4257\"><strong>2. C\u00f3mo se utilizan las cookies en este sitio web<\/strong><\/h3>\n<p id=\"block-44d553e5-f4a7-42a8-b7e8-8204c86e665d\">Este sitio web puede utilizar cookies para los siguientes prop\u00f3sitos:<\/p>\n<ul id=\"block-7c240138-83d6-49fc-8e58-a2caac0409c2\" class=\"wp-block-list\">\n<li>Garantizar la funcionalidad b\u00e1sica del sitio web<\/li>\n<li>Mejorar la seguridad<\/li>\n<li>Medir el rendimiento y el uso del sitio web<\/li>\n<\/ul>\n<p id=\"block-bc1d92d7-5215-4a6c-aed7-ec9d2966fa59\">Las cookies utilizadas en este sitio web no recopilan informaci\u00f3n de identificaci\u00f3n personal.<\/p>\n<hr class=\"wp-block-separator has-alpha-channel-opacity\" id=\"block-ef21be0f-c113-44f5-857d-4be352451201\"\/>\n<h3 class=\"wp-block-heading\" id=\"block-3455faa2-6c75-4e31-8676-5fed4d45ea1f\"><strong>3. Tipos de cookies<\/strong><\/h3>\n<p id=\"block-7ef22bab-ead1-4a48-bc32-27f1ea7ac570\">Se pueden utilizar los siguientes tipos de cookies:<\/p>\n<ul id=\"block-0f7ee9e2-f67d-4a2e-921c-266bde65ea43\" class=\"wp-block-list\">\n<li><strong>Cookies esenciales<\/strong>: necesarias para la funcionalidad b\u00e1sica del sitio web<\/li>\n<li><strong>Cookies de an\u00e1lisis<\/strong>: utilizadas para comprender c\u00f3mo los visitantes interact\u00faan con el sitio web<\/li>\n<li><strong>Cookies de seguridad<\/strong>: utilizadas para proteger el sitio web contra abusos o actividades maliciosas<\/li>\n<\/ul>\n<hr class=\"wp-block-separator has-alpha-channel-opacity\" id=\"block-a45ed1ce-680e-4681-84ac-042e03f96dde\"\/>\n<h3 class=\"wp-block-heading\" id=\"block-df38ba76-84ff-4814-9bc0-1a2eecb2ee7c\"><strong>4. Gesti\u00f3n de cookies<\/strong><\/h3>\n<p id=\"block-d3648a37-a5d0-4578-9f03-fe322c1a0195\">Puede controlar o desactivar las cookies a trav\u00e9s de la configuraci\u00f3n de su navegador. Tenga en cuenta que desactivar ciertas cookies puede afectar la funcionalidad del sitio web.<\/p>\n<hr class=\"wp-block-separator has-alpha-channel-opacity\" id=\"block-cb7fd711-ccb9-4f20-ac17-173e3bbe42db\"\/>\n<h3 class=\"wp-block-heading\" id=\"block-d3f0af50-8a11-4836-95d5-4464a99d30af\"><strong>5. Cookies de terceros<\/strong><\/h3>\n<p id=\"block-ba8979d5-0878-4cc0-a2a1-b26f99a32689\">Algunos servicios de terceros integrados en este sitio web pueden colocar cookies en su dispositivo. Estas cookies est\u00e1n sujetas a las pol\u00edticas de privacidad de los respectivos terceros.<\/p>\n<hr class=\"wp-block-separator has-alpha-channel-opacity\" id=\"block-18a422fa-f9c9-4f20-be8b-b55303109e53\"\/>\n<h3 class=\"wp-block-heading\" id=\"block-b760cc63-a5c6-47a9-a154-712fcc1fa479\"><strong>6. Cambios en esta Pol\u00edtica de Cookies<\/strong><\/h3>\n<p id=\"block-43ade207-517a-4d49-8962-b0cef0cbc5e0\">Esta Pol\u00edtica de Cookies puede actualizarse de vez en cuando. Cualquier cambio se reflejar\u00e1 en esta p\u00e1gina.<\/p>\n","protected":false},"excerpt":{"rendered":"<p>Esta Pol\u00edtica de Cookies explica c\u00f3mo se utilizan las cookies en este sitio web. 1. \u00bfQu\u00e9 son las cookies? Las cookies son peque\u00f1os archivos de texto que se almacenan en su dispositivo cuando visita un sitio web. Se utilizan ampliamente para garantizar que los sitios web funcionen correctamente y para mejorar la experiencia del usuario. &#8230; <a title=\"Pol\u00edtica de Cookies\" class=\"read-more\" href=\"https:\/\/secure-pipelines.com\/es\/cookie-policy\/\" aria-label=\"Leer m\u00e1s sobre Pol\u00edtica de Cookies\">Leer m\u00e1s<\/a><\/p>\n","protected":false},"author":1,"featured_media":0,"parent":0,"menu_order":23,"comment_status":"closed","ping_status":"closed","template":"","meta":{"footnotes":""},"class_list":["post-135","page","type-page","status-publish"],"_links":{"self":[{"href":"https:\/\/secure-pipelines.com\/es\/wp-json\/wp\/v2\/pages\/135","targetHints":{"allow":["GET"]}}],"collection":[{"href":"https:\/\/secure-pipelines.com\/es\/wp-json\/wp\/v2\/pages"}],"about":[{"href":"https:\/\/secure-pipelines.com\/es\/wp-json\/wp\/v2\/types\/page"}],"author":[{"embeddable":true,"href":"https:\/\/secure-pipelines.com\/es\/wp-json\/wp\/v2\/users\/1"}],"replies":[{"embeddable":true,"href":"https:\/\/secure-pipelines.com\/es\/wp-json\/wp\/v2\/comments?post=135"}],"version-history":[{"count":1,"href":"https:\/\/secure-pipelines.com\/es\/wp-json\/wp\/v2\/pages\/135\/revisions"}],"predecessor-version":[{"id":722,"href":"https:\/\/secure-pipelines.com\/es\/wp-json\/wp\/v2\/pages\/135\/revisions\/722"}],"wp:attachment":[{"href":"https:\/\/secure-pipelines.com\/es\/wp-json\/wp\/v2\/media?parent=135"}],"curies":[{"name":"wp","href":"https:\/\/api.w.org\/{rel}","templated":true}]}}