{"id":130,"date":"2026-01-16T17:52:01","date_gmt":"2026-01-16T16:52:01","guid":{"rendered":"https:\/\/secure-pipelines.com\/contact\/"},"modified":"2026-03-25T07:03:54","modified_gmt":"2026-03-25T06:03:54","slug":"contact","status":"publish","type":"page","link":"https:\/\/secure-pipelines.com\/es\/contact\/","title":{"rendered":"Contacto"},"content":{"rendered":"<p>Secure Pipelines es una iniciativa de conocimiento t\u00e9cnico centrada en CI\/CD y la seguridad de la cadena de suministro de software.<\/p>\n<p>Si desea ponerse en contacto respecto al contenido publicado en este sitio, puede utilizar la informaci\u00f3n de contacto que se indica a continuaci\u00f3n.<\/p>\n<hr class=\"wp-block-separator has-alpha-channel-opacity\"\/>\n<h2 class=\"wp-block-heading\">Informaci\u00f3n de contacto<\/h2>\n<p>Para consultas generales, comentarios o discusiones t\u00e9cnicas, por favor contacte:<\/p>\n<p><strong>Email:<\/strong><br \/><a href=\"mailto:contact@secure-pipelines.com\">contact@secure-pipelines.com<\/a><\/p>\n<hr class=\"wp-block-separator has-alpha-channel-opacity\"\/>\n<h2 class=\"wp-block-heading\">Uso apropiado de este contacto<\/h2>\n<p>Este canal de contacto est\u00e1 destinado a:<\/p>\n<ul class=\"wp-block-list\">\n<li>Preguntas o comentarios relacionados con art\u00edculos, gu\u00edas o laboratorios publicados<\/li>\n<li>Discusiones t\u00e9cnicas relacionadas con CI\/CD y la seguridad de pipelines<\/li>\n<li>Aclaraciones o correcciones sobre el contenido<\/li>\n<\/ul>\n<p>Tenga en cuenta que esta direcci\u00f3n no est\u00e1 destinada a:<\/p>\n<ul class=\"wp-block-list\">\n<li>Marketing de proveedores o contactos comerciales<\/li>\n<li>Solicitudes de soporte para herramientas de terceros<\/li>\n<li>Mensajes promocionales no solicitados<\/li>\n<\/ul>\n<hr class=\"wp-block-separator has-alpha-channel-opacity\"\/>\n<h2 class=\"wp-block-heading\">Expectativas de respuesta<\/h2>\n<p>Aunque cada mensaje es le\u00eddo, las respuestas pueden no ser siempre inmediatas.<\/p>\n<p>Secure Pipelines se mantiene junto con otras actividades profesionales, y los tiempos de respuesta pueden variar.<\/p>\n<p>Gracias por su comprensi\u00f3n.<\/p>\n<hr class=\"wp-block-separator has-alpha-channel-opacity\"\/>\n<h2 class=\"wp-block-heading\">Ecosistema relacionado<\/h2>\n<p>Para temas de cumplimiento, gobernanza y regulaci\u00f3n relacionados con DevSecOps y CI\/CD, consulte <strong><a href=\"https:\/\/regulated-devsecops.com\" target=\"_blank\" rel=\"noopener\">regulated-devsecops.com<\/a><\/strong>.<\/p>\n","protected":false},"excerpt":{"rendered":"<p>Secure Pipelines es una iniciativa de conocimiento t\u00e9cnico centrada en CI\/CD y la seguridad de la cadena de suministro de software. Si desea ponerse en contacto respecto al contenido publicado en este sitio, puede utilizar la informaci\u00f3n de contacto que se indica a continuaci\u00f3n. Informaci\u00f3n de contacto Para consultas generales, comentarios o discusiones t\u00e9cnicas, por &#8230; <a title=\"Contacto\" class=\"read-more\" href=\"https:\/\/secure-pipelines.com\/es\/contact\/\" aria-label=\"Leer m\u00e1s sobre Contacto\">Leer m\u00e1s<\/a><\/p>\n","protected":false},"author":1,"featured_media":0,"parent":0,"menu_order":6,"comment_status":"closed","ping_status":"closed","template":"","meta":{"footnotes":""},"class_list":["post-130","page","type-page","status-publish"],"_links":{"self":[{"href":"https:\/\/secure-pipelines.com\/es\/wp-json\/wp\/v2\/pages\/130","targetHints":{"allow":["GET"]}}],"collection":[{"href":"https:\/\/secure-pipelines.com\/es\/wp-json\/wp\/v2\/pages"}],"about":[{"href":"https:\/\/secure-pipelines.com\/es\/wp-json\/wp\/v2\/types\/page"}],"author":[{"embeddable":true,"href":"https:\/\/secure-pipelines.com\/es\/wp-json\/wp\/v2\/users\/1"}],"replies":[{"embeddable":true,"href":"https:\/\/secure-pipelines.com\/es\/wp-json\/wp\/v2\/comments?post=130"}],"version-history":[{"count":1,"href":"https:\/\/secure-pipelines.com\/es\/wp-json\/wp\/v2\/pages\/130\/revisions"}],"predecessor-version":[{"id":718,"href":"https:\/\/secure-pipelines.com\/es\/wp-json\/wp\/v2\/pages\/130\/revisions\/718"}],"wp:attachment":[{"href":"https:\/\/secure-pipelines.com\/es\/wp-json\/wp\/v2\/media?parent=130"}],"curies":[{"name":"wp","href":"https:\/\/api.w.org\/{rel}","templated":true}]}}